{"id":11838,"date":"2025-06-04T14:00:23","date_gmt":"2025-06-04T14:00:23","guid":{"rendered":"https:\/\/tsg.az\/?post_type=product&#038;p=11838"},"modified":"2025-06-04T14:00:23","modified_gmt":"2025-06-04T14:00:23","slug":"kabina-qapisi-teleskopik","status":"publish","type":"product","link":"https:\/\/tsg.az\/en\/magaza\/kabina-qapisi-teleskopik\/","title":{"rendered":"Kabina  Qap\u0131s\u0131 (Teleskopik)"},"content":{"rendered":"","protected":false},"excerpt":{"rendered":"<p>M\u0259hsulun v\u0259ziyy\u0259ti: Yeni<\/p>\n<p><a href=\"https:\/\/tsg.az\/en\/shop\/\">B\u00fct\u00fcn Ehtiyat Hiss\u0259l\u0259rin\u0259 ke\u00e7id<\/a><br \/>\nPhone\u00a0<a href=\"https:\/\/web.whatsapp.com\/send?phone=+994998188817&amp;text=Salam%2C+ehtiyat+hiss%C9%99l%C9%99ri+haqq%C4%B1nda+m%C9%99lumat+ver%C9%99rdiniz+z%C9%99hm%C9%99t+olmasa%3F+Hello%2C+could+you+inform+us+about+spare+parts%3F\">099 818 8 817<\/a><\/p>","protected":false},"featured_media":11840,"template":"","meta":{"inline_featured_image":false},"product_cat":[184],"product_tag":[],"class_list":{"0":"post-11838","1":"product","2":"type-product","3":"status-publish","4":"has-post-thumbnail","6":"product_cat-accessories","8":"first","9":"onbackorder","10":"taxable","11":"shipping-taxable","12":"product-type-simple"},"yoast_head":"<!-- This site is optimized with the Yoast SEO plugin v23.8 - https:\/\/yoast.com\/wordpress\/plugins\/seo\/ -->\n<title>Kabina Qap\u0131s\u0131 (Teleskopik) - Lift Ehtiyat Hiss\u0259l\u0259rinin Onlayn Sat\u0131\u015f\u0131<\/title>\n<meta name=\"description\" content=\"Kabina Qap\u0131s\u0131 (Teleskopik)\" \/>\n<meta name=\"robots\" content=\"index, follow, max-snippet:-1, max-image-preview:large, max-video-preview:-1\" \/>\n<link rel=\"canonical\" href=\"https:\/\/tsg.az\/en\/magaza\/kabina-qapisi-teleskopik\/\" \/>\n<meta property=\"og:locale\" content=\"en_US\" \/>\n<meta property=\"og:type\" content=\"article\" \/>\n<meta property=\"og:title\" content=\"Kabina Qap\u0131s\u0131 (Teleskopik) - Lift Ehtiyat Hiss\u0259l\u0259rinin Onlayn Sat\u0131\u015f\u0131\" \/>\n<meta property=\"og:description\" content=\"Kabina Qap\u0131s\u0131 (Teleskopik)\" \/>\n<meta property=\"og:url\" content=\"https:\/\/tsg.az\/en\/magaza\/kabina-qapisi-teleskopik\/\" \/>\n<meta property=\"og:site_name\" content=\"Lift Ehtiyat Hiss\u0259l\u0259rinin Onlayn Sat\u0131\u015f\u0131\" \/>\n<meta property=\"og:image\" content=\"https:\/\/tsg.az\/wp-content\/uploads\/2025\/06\/WhatsApp-Image-2025-06-04-at-17.46.00-1.jpeg\" \/>\n\t<meta property=\"og:image:width\" content=\"1000\" \/>\n\t<meta property=\"og:image:height\" content=\"800\" \/>\n\t<meta property=\"og:image:type\" content=\"image\/jpeg\" \/>\n<meta name=\"twitter:card\" content=\"summary_large_image\" \/>\n<meta name=\"twitter:label1\" content=\"Est. reading time\" \/>\n\t<meta name=\"twitter:data1\" content=\"1 minute\" \/>\n<script type=\"application\/ld+json\" class=\"yoast-schema-graph\">{\"@context\":\"https:\/\/schema.org\",\"@graph\":[{\"@type\":\"WebPage\",\"@id\":\"https:\/\/tsg.az\/magaza\/kabina-qapisi-teleskopik\/\",\"url\":\"https:\/\/tsg.az\/magaza\/kabina-qapisi-teleskopik\/\",\"name\":\"Kabina Qap\u0131s\u0131 (Teleskopik) - Lift Ehtiyat Hiss\u0259l\u0259rinin Onlayn Sat\u0131\u015f\u0131\",\"isPartOf\":{\"@id\":\"https:\/\/tsg.az\/en\/#website\"},\"primaryImageOfPage\":{\"@id\":\"https:\/\/tsg.az\/magaza\/kabina-qapisi-teleskopik\/#primaryimage\"},\"image\":{\"@id\":\"https:\/\/tsg.az\/magaza\/kabina-qapisi-teleskopik\/#primaryimage\"},\"thumbnailUrl\":\"https:\/\/tsg.az\/wp-content\/uploads\/2025\/06\/WhatsApp-Image-2025-06-04-at-17.46.00-1.jpeg\",\"datePublished\":\"2025-06-04T14:00:23+00:00\",\"dateModified\":\"2025-06-04T14:00:23+00:00\",\"description\":\"Kabina Qap\u0131s\u0131 (Teleskopik)\",\"breadcrumb\":{\"@id\":\"https:\/\/tsg.az\/magaza\/kabina-qapisi-teleskopik\/#breadcrumb\"},\"inLanguage\":\"en-US\",\"potentialAction\":[{\"@type\":\"ReadAction\",\"target\":[\"https:\/\/tsg.az\/magaza\/kabina-qapisi-teleskopik\/\"]}]},{\"@type\":\"ImageObject\",\"inLanguage\":\"en-US\",\"@id\":\"https:\/\/tsg.az\/magaza\/kabina-qapisi-teleskopik\/#primaryimage\",\"url\":\"https:\/\/tsg.az\/wp-content\/uploads\/2025\/06\/WhatsApp-Image-2025-06-04-at-17.46.00-1.jpeg\",\"contentUrl\":\"https:\/\/tsg.az\/wp-content\/uploads\/2025\/06\/WhatsApp-Image-2025-06-04-at-17.46.00-1.jpeg\",\"width\":1000,\"height\":800},{\"@type\":\"BreadcrumbList\",\"@id\":\"https:\/\/tsg.az\/magaza\/kabina-qapisi-teleskopik\/#breadcrumb\",\"itemListElement\":[{\"@type\":\"ListItem\",\"position\":1,\"name\":\"Home\",\"item\":\"https:\/\/tsg.az\/\"},{\"@type\":\"ListItem\",\"position\":2,\"name\":\"Ma\u011faza\",\"item\":\"https:\/\/tsg.az\/shop\/\"},{\"@type\":\"ListItem\",\"position\":3,\"name\":\"Kabina Qap\u0131s\u0131 (Teleskopik)\"}]},{\"@type\":\"WebSite\",\"@id\":\"https:\/\/tsg.az\/en\/#website\",\"url\":\"https:\/\/tsg.az\/en\/\",\"name\":\"Lift Ehtiyat Hiss\u0259l\u0259rinin Onlayn Sat\u0131\u015f\u0131\",\"description\":\"\",\"publisher\":{\"@id\":\"https:\/\/tsg.az\/en\/#organization\"},\"potentialAction\":[{\"@type\":\"SearchAction\",\"target\":{\"@type\":\"EntryPoint\",\"urlTemplate\":\"https:\/\/tsg.az\/en\/?s={search_term_string}\"},\"query-input\":{\"@type\":\"PropertyValueSpecification\",\"valueRequired\":true,\"valueName\":\"search_term_string\"}}],\"inLanguage\":\"en-US\"},{\"@type\":\"Organization\",\"@id\":\"https:\/\/tsg.az\/en\/#organization\",\"name\":\"Lift Ehtiyat Hiss\u0259l\u0259rinin Onlayn Sat\u0131\u015f\u0131\",\"url\":\"https:\/\/tsg.az\/en\/\",\"logo\":{\"@type\":\"ImageObject\",\"inLanguage\":\"en-US\",\"@id\":\"https:\/\/tsg.az\/en\/#\/schema\/logo\/image\/\",\"url\":\"https:\/\/tsg.az\/wp-content\/uploads\/2023\/11\/tsg-az-logo_svg.svg\",\"contentUrl\":\"https:\/\/tsg.az\/wp-content\/uploads\/2023\/11\/tsg-az-logo_svg.svg\",\"width\":50,\"height\":59,\"caption\":\"Lift Ehtiyat Hiss\u0259l\u0259rinin Onlayn Sat\u0131\u015f\u0131\"},\"image\":{\"@id\":\"https:\/\/tsg.az\/en\/#\/schema\/logo\/image\/\"}}]}<\/script>\n<!-- \/ Yoast SEO plugin. -->","yoast_head_json":{"title":"Kabina Qap\u0131s\u0131 (Teleskopik) - Lift Ehtiyat Hiss\u0259l\u0259rinin Onlayn Sat\u0131\u015f\u0131","description":"Kabina Qap\u0131s\u0131 (Teleskopik)","robots":{"index":"index","follow":"follow","max-snippet":"max-snippet:-1","max-image-preview":"max-image-preview:large","max-video-preview":"max-video-preview:-1"},"canonical":"https:\/\/tsg.az\/en\/magaza\/kabina-qapisi-teleskopik\/","og_locale":"en_US","og_type":"article","og_title":"Kabina Qap\u0131s\u0131 (Teleskopik) - Lift Ehtiyat Hiss\u0259l\u0259rinin Onlayn Sat\u0131\u015f\u0131","og_description":"Kabina Qap\u0131s\u0131 (Teleskopik)","og_url":"https:\/\/tsg.az\/en\/magaza\/kabina-qapisi-teleskopik\/","og_site_name":"Lift Ehtiyat Hiss\u0259l\u0259rinin Onlayn Sat\u0131\u015f\u0131","og_image":[{"width":1000,"height":800,"url":"https:\/\/tsg.az\/wp-content\/uploads\/2025\/06\/WhatsApp-Image-2025-06-04-at-17.46.00-1.jpeg","type":"image\/jpeg"}],"twitter_card":"summary_large_image","twitter_misc":{"Est. reading time":"1 minute"},"schema":{"@context":"https:\/\/schema.org","@graph":[{"@type":"WebPage","@id":"https:\/\/tsg.az\/magaza\/kabina-qapisi-teleskopik\/","url":"https:\/\/tsg.az\/magaza\/kabina-qapisi-teleskopik\/","name":"Kabina Qap\u0131s\u0131 (Teleskopik) - Lift Ehtiyat Hiss\u0259l\u0259rinin Onlayn Sat\u0131\u015f\u0131","isPartOf":{"@id":"https:\/\/tsg.az\/en\/#website"},"primaryImageOfPage":{"@id":"https:\/\/tsg.az\/magaza\/kabina-qapisi-teleskopik\/#primaryimage"},"image":{"@id":"https:\/\/tsg.az\/magaza\/kabina-qapisi-teleskopik\/#primaryimage"},"thumbnailUrl":"https:\/\/tsg.az\/wp-content\/uploads\/2025\/06\/WhatsApp-Image-2025-06-04-at-17.46.00-1.jpeg","datePublished":"2025-06-04T14:00:23+00:00","dateModified":"2025-06-04T14:00:23+00:00","description":"Kabina Qap\u0131s\u0131 (Teleskopik)","breadcrumb":{"@id":"https:\/\/tsg.az\/magaza\/kabina-qapisi-teleskopik\/#breadcrumb"},"inLanguage":"en-US","potentialAction":[{"@type":"ReadAction","target":["https:\/\/tsg.az\/magaza\/kabina-qapisi-teleskopik\/"]}]},{"@type":"ImageObject","inLanguage":"en-US","@id":"https:\/\/tsg.az\/magaza\/kabina-qapisi-teleskopik\/#primaryimage","url":"https:\/\/tsg.az\/wp-content\/uploads\/2025\/06\/WhatsApp-Image-2025-06-04-at-17.46.00-1.jpeg","contentUrl":"https:\/\/tsg.az\/wp-content\/uploads\/2025\/06\/WhatsApp-Image-2025-06-04-at-17.46.00-1.jpeg","width":1000,"height":800},{"@type":"BreadcrumbList","@id":"https:\/\/tsg.az\/magaza\/kabina-qapisi-teleskopik\/#breadcrumb","itemListElement":[{"@type":"ListItem","position":1,"name":"Home","item":"https:\/\/tsg.az\/"},{"@type":"ListItem","position":2,"name":"Ma\u011faza","item":"https:\/\/tsg.az\/shop\/"},{"@type":"ListItem","position":3,"name":"Kabina Qap\u0131s\u0131 (Teleskopik)"}]},{"@type":"WebSite","@id":"https:\/\/tsg.az\/en\/#website","url":"https:\/\/tsg.az\/en\/","name":"Lift Ehtiyat Hiss\u0259l\u0259rinin Onlayn Sat\u0131\u015f\u0131","description":"","publisher":{"@id":"https:\/\/tsg.az\/en\/#organization"},"potentialAction":[{"@type":"SearchAction","target":{"@type":"EntryPoint","urlTemplate":"https:\/\/tsg.az\/en\/?s={search_term_string}"},"query-input":{"@type":"PropertyValueSpecification","valueRequired":true,"valueName":"search_term_string"}}],"inLanguage":"en-US"},{"@type":"Organization","@id":"https:\/\/tsg.az\/en\/#organization","name":"Lift Ehtiyat Hiss\u0259l\u0259rinin Onlayn Sat\u0131\u015f\u0131","url":"https:\/\/tsg.az\/en\/","logo":{"@type":"ImageObject","inLanguage":"en-US","@id":"https:\/\/tsg.az\/en\/#\/schema\/logo\/image\/","url":"https:\/\/tsg.az\/wp-content\/uploads\/2023\/11\/tsg-az-logo_svg.svg","contentUrl":"https:\/\/tsg.az\/wp-content\/uploads\/2023\/11\/tsg-az-logo_svg.svg","width":50,"height":59,"caption":"Lift Ehtiyat Hiss\u0259l\u0259rinin Onlayn Sat\u0131\u015f\u0131"},"image":{"@id":"https:\/\/tsg.az\/en\/#\/schema\/logo\/image\/"}}]}},"_links":{"self":[{"href":"https:\/\/tsg.az\/en\/wp-json\/wp\/v2\/product\/11838","targetHints":{"allow":["GET"]}}],"collection":[{"href":"https:\/\/tsg.az\/en\/wp-json\/wp\/v2\/product"}],"about":[{"href":"https:\/\/tsg.az\/en\/wp-json\/wp\/v2\/types\/product"}],"version-history":[{"count":1,"href":"https:\/\/tsg.az\/en\/wp-json\/wp\/v2\/product\/11838\/revisions"}],"predecessor-version":[{"id":11841,"href":"https:\/\/tsg.az\/en\/wp-json\/wp\/v2\/product\/11838\/revisions\/11841"}],"wp:featuredmedia":[{"embeddable":true,"href":"https:\/\/tsg.az\/en\/wp-json\/wp\/v2\/media\/11840"}],"wp:attachment":[{"href":"https:\/\/tsg.az\/en\/wp-json\/wp\/v2\/media?parent=11838"}],"wp:term":[{"taxonomy":"product_cat","embeddable":true,"href":"https:\/\/tsg.az\/en\/wp-json\/wp\/v2\/product_cat?post=11838"},{"taxonomy":"product_tag","embeddable":true,"href":"https:\/\/tsg.az\/en\/wp-json\/wp\/v2\/product_tag?post=11838"}],"curies":[{"name":"wp","href":"https:\/\/api.w.org\/{rel}","templated":true}]}}