{"id":11248,"date":"2024-12-19T13:23:35","date_gmt":"2024-12-19T13:23:35","guid":{"rendered":"https:\/\/tsg.az\/?post_type=product&#038;p=11248"},"modified":"2024-12-26T12:09:44","modified_gmt":"2024-12-26T12:09:44","slug":"km1368843g02-lift-lcd-displey-karti-copy","status":"publish","type":"product","link":"https:\/\/tsg.az\/en\/magaza\/km1368843g02-lift-lcd-displey-karti-copy\/","title":{"rendered":"KM1368843G02  Lift LCD displey kart\u0131"},"content":{"rendered":"","protected":false},"excerpt":{"rendered":"<p><strong>M\u0259hsulun v\u0259ziyy\u0259ti: Yeni<\/strong><\/p>\n<p><a href=\"https:\/\/tsg.az\/en\/shop\/\">B\u00fct\u00fcn Ehtiyat Hiss\u0259l\u0259rin\u0259 ke\u00e7id<\/a><br \/>\nPhone\u00a0<a href=\"https:\/\/web.whatsapp.com\/send?phone=+994998188817&amp;text=Salam%2C+ehtiyat+hiss%C9%99l%C9%99ri+haqq%C4%B1nda+m%C9%99lumat+ver%C9%99rdiniz+z%C9%99hm%C9%99t+olmasa%3F+Hello%2C+could+you+inform+us+about+spare+parts%3F\">099 818 8 817<\/a><\/p>","protected":false},"featured_media":11345,"template":"","meta":{"inline_featured_image":false},"product_cat":[585,587],"product_tag":[],"class_list":{"0":"post-11248","1":"product","2":"type-product","3":"status-publish","4":"has-post-thumbnail","6":"product_cat-elektrik-komponentleri","7":"product_cat-lift-ehtiyat-hisseleri","9":"first","10":"onbackorder","11":"taxable","12":"shipping-taxable","13":"product-type-simple"},"yoast_head":"<!-- This site is optimized with the Yoast SEO plugin v23.8 - https:\/\/yoast.com\/wordpress\/plugins\/seo\/ -->\n<title>KM1368843G02 Lift LCD displey kart\u0131 \/ Elevator LCD board<\/title>\n<meta name=\"description\" content=\"KM1368843G02 Lift LCD displey kart\u0131 \u00fc\u00e7\u00fcn: info@tsg.az +994 99 818 8 817\" \/>\n<meta name=\"robots\" content=\"index, follow, max-snippet:-1, max-image-preview:large, max-video-preview:-1\" \/>\n<link rel=\"canonical\" href=\"https:\/\/tsg.az\/en\/magaza\/km1368843g02-lift-lcd-displey-karti-copy\/\" \/>\n<meta property=\"og:locale\" content=\"en_US\" \/>\n<meta property=\"og:type\" content=\"article\" \/>\n<meta property=\"og:title\" content=\"KM1368843G02 Lift LCD displey kart\u0131 \/ Elevator LCD board\" \/>\n<meta property=\"og:description\" content=\"KM1368843G02 Lift LCD displey kart\u0131 \u00fc\u00e7\u00fcn: info@tsg.az +994 99 818 8 817\" \/>\n<meta property=\"og:url\" content=\"https:\/\/tsg.az\/en\/magaza\/km1368843g02-lift-lcd-displey-karti-copy\/\" \/>\n<meta property=\"og:site_name\" content=\"Lift Ehtiyat Hiss\u0259l\u0259rinin Onlayn Sat\u0131\u015f\u0131\" \/>\n<meta property=\"article:modified_time\" content=\"2024-12-26T12:09:44+00:00\" \/>\n<meta property=\"og:image\" content=\"https:\/\/tsg.az\/wp-content\/uploads\/2024\/12\/195-G02-1.png\" \/>\n\t<meta property=\"og:image:width\" content=\"1000\" \/>\n\t<meta property=\"og:image:height\" content=\"1000\" \/>\n\t<meta property=\"og:image:type\" content=\"image\/png\" \/>\n<meta name=\"twitter:card\" content=\"summary_large_image\" \/>\n<meta name=\"twitter:label1\" content=\"Est. reading time\" \/>\n\t<meta name=\"twitter:data1\" content=\"1 minute\" \/>\n<script type=\"application\/ld+json\" class=\"yoast-schema-graph\">{\"@context\":\"https:\/\/schema.org\",\"@graph\":[{\"@type\":\"WebPage\",\"@id\":\"https:\/\/tsg.az\/magaza\/km1368843g02-lift-lcd-displey-karti-copy\/\",\"url\":\"https:\/\/tsg.az\/magaza\/km1368843g02-lift-lcd-displey-karti-copy\/\",\"name\":\"KM1368843G02 Lift LCD displey kart\u0131 \/ Elevator LCD board\",\"isPartOf\":{\"@id\":\"https:\/\/tsg.az\/en\/#website\"},\"primaryImageOfPage\":{\"@id\":\"https:\/\/tsg.az\/magaza\/km1368843g02-lift-lcd-displey-karti-copy\/#primaryimage\"},\"image\":{\"@id\":\"https:\/\/tsg.az\/magaza\/km1368843g02-lift-lcd-displey-karti-copy\/#primaryimage\"},\"thumbnailUrl\":\"https:\/\/tsg.az\/wp-content\/uploads\/2024\/12\/195-G02-1.png\",\"datePublished\":\"2024-12-19T13:23:35+00:00\",\"dateModified\":\"2024-12-26T12:09:44+00:00\",\"description\":\"KM1368843G02 Lift LCD displey kart\u0131 \u00fc\u00e7\u00fcn: info@tsg.az +994 99 818 8 817\",\"breadcrumb\":{\"@id\":\"https:\/\/tsg.az\/magaza\/km1368843g02-lift-lcd-displey-karti-copy\/#breadcrumb\"},\"inLanguage\":\"en-US\",\"potentialAction\":[{\"@type\":\"ReadAction\",\"target\":[\"https:\/\/tsg.az\/magaza\/km1368843g02-lift-lcd-displey-karti-copy\/\"]}]},{\"@type\":\"ImageObject\",\"inLanguage\":\"en-US\",\"@id\":\"https:\/\/tsg.az\/magaza\/km1368843g02-lift-lcd-displey-karti-copy\/#primaryimage\",\"url\":\"https:\/\/tsg.az\/wp-content\/uploads\/2024\/12\/195-G02-1.png\",\"contentUrl\":\"https:\/\/tsg.az\/wp-content\/uploads\/2024\/12\/195-G02-1.png\",\"width\":1000,\"height\":1000},{\"@type\":\"BreadcrumbList\",\"@id\":\"https:\/\/tsg.az\/magaza\/km1368843g02-lift-lcd-displey-karti-copy\/#breadcrumb\",\"itemListElement\":[{\"@type\":\"ListItem\",\"position\":1,\"name\":\"Home\",\"item\":\"https:\/\/tsg.az\/\"},{\"@type\":\"ListItem\",\"position\":2,\"name\":\"Ma\u011faza\",\"item\":\"https:\/\/tsg.az\/shop\/\"},{\"@type\":\"ListItem\",\"position\":3,\"name\":\"KM1368843G02 Lift LCD displey kart\u0131\"}]},{\"@type\":\"WebSite\",\"@id\":\"https:\/\/tsg.az\/en\/#website\",\"url\":\"https:\/\/tsg.az\/en\/\",\"name\":\"Lift Ehtiyat Hiss\u0259l\u0259rinin Onlayn Sat\u0131\u015f\u0131\",\"description\":\"\",\"publisher\":{\"@id\":\"https:\/\/tsg.az\/en\/#organization\"},\"potentialAction\":[{\"@type\":\"SearchAction\",\"target\":{\"@type\":\"EntryPoint\",\"urlTemplate\":\"https:\/\/tsg.az\/en\/?s={search_term_string}\"},\"query-input\":{\"@type\":\"PropertyValueSpecification\",\"valueRequired\":true,\"valueName\":\"search_term_string\"}}],\"inLanguage\":\"en-US\"},{\"@type\":\"Organization\",\"@id\":\"https:\/\/tsg.az\/en\/#organization\",\"name\":\"Lift Ehtiyat Hiss\u0259l\u0259rinin Onlayn Sat\u0131\u015f\u0131\",\"url\":\"https:\/\/tsg.az\/en\/\",\"logo\":{\"@type\":\"ImageObject\",\"inLanguage\":\"en-US\",\"@id\":\"https:\/\/tsg.az\/en\/#\/schema\/logo\/image\/\",\"url\":\"https:\/\/tsg.az\/wp-content\/uploads\/2023\/11\/tsg-az-logo_svg.svg\",\"contentUrl\":\"https:\/\/tsg.az\/wp-content\/uploads\/2023\/11\/tsg-az-logo_svg.svg\",\"width\":50,\"height\":59,\"caption\":\"Lift Ehtiyat Hiss\u0259l\u0259rinin Onlayn Sat\u0131\u015f\u0131\"},\"image\":{\"@id\":\"https:\/\/tsg.az\/en\/#\/schema\/logo\/image\/\"}}]}<\/script>\n<!-- \/ Yoast SEO plugin. -->","yoast_head_json":{"title":"KM1368843G02 Lift LCD displey kart\u0131 \/ Elevator LCD board","description":"KM1368843G02 Lift LCD displey kart\u0131 \u00fc\u00e7\u00fcn: info@tsg.az +994 99 818 8 817","robots":{"index":"index","follow":"follow","max-snippet":"max-snippet:-1","max-image-preview":"max-image-preview:large","max-video-preview":"max-video-preview:-1"},"canonical":"https:\/\/tsg.az\/en\/magaza\/km1368843g02-lift-lcd-displey-karti-copy\/","og_locale":"en_US","og_type":"article","og_title":"KM1368843G02 Lift LCD displey kart\u0131 \/ Elevator LCD board","og_description":"KM1368843G02 Lift LCD displey kart\u0131 \u00fc\u00e7\u00fcn: info@tsg.az +994 99 818 8 817","og_url":"https:\/\/tsg.az\/en\/magaza\/km1368843g02-lift-lcd-displey-karti-copy\/","og_site_name":"Lift Ehtiyat Hiss\u0259l\u0259rinin Onlayn Sat\u0131\u015f\u0131","article_modified_time":"2024-12-26T12:09:44+00:00","og_image":[{"width":1000,"height":1000,"url":"https:\/\/tsg.az\/wp-content\/uploads\/2024\/12\/195-G02-1.png","type":"image\/png"}],"twitter_card":"summary_large_image","twitter_misc":{"Est. reading time":"1 minute"},"schema":{"@context":"https:\/\/schema.org","@graph":[{"@type":"WebPage","@id":"https:\/\/tsg.az\/magaza\/km1368843g02-lift-lcd-displey-karti-copy\/","url":"https:\/\/tsg.az\/magaza\/km1368843g02-lift-lcd-displey-karti-copy\/","name":"KM1368843G02 Lift LCD displey kart\u0131 \/ Elevator LCD board","isPartOf":{"@id":"https:\/\/tsg.az\/en\/#website"},"primaryImageOfPage":{"@id":"https:\/\/tsg.az\/magaza\/km1368843g02-lift-lcd-displey-karti-copy\/#primaryimage"},"image":{"@id":"https:\/\/tsg.az\/magaza\/km1368843g02-lift-lcd-displey-karti-copy\/#primaryimage"},"thumbnailUrl":"https:\/\/tsg.az\/wp-content\/uploads\/2024\/12\/195-G02-1.png","datePublished":"2024-12-19T13:23:35+00:00","dateModified":"2024-12-26T12:09:44+00:00","description":"KM1368843G02 Lift LCD displey kart\u0131 \u00fc\u00e7\u00fcn: info@tsg.az +994 99 818 8 817","breadcrumb":{"@id":"https:\/\/tsg.az\/magaza\/km1368843g02-lift-lcd-displey-karti-copy\/#breadcrumb"},"inLanguage":"en-US","potentialAction":[{"@type":"ReadAction","target":["https:\/\/tsg.az\/magaza\/km1368843g02-lift-lcd-displey-karti-copy\/"]}]},{"@type":"ImageObject","inLanguage":"en-US","@id":"https:\/\/tsg.az\/magaza\/km1368843g02-lift-lcd-displey-karti-copy\/#primaryimage","url":"https:\/\/tsg.az\/wp-content\/uploads\/2024\/12\/195-G02-1.png","contentUrl":"https:\/\/tsg.az\/wp-content\/uploads\/2024\/12\/195-G02-1.png","width":1000,"height":1000},{"@type":"BreadcrumbList","@id":"https:\/\/tsg.az\/magaza\/km1368843g02-lift-lcd-displey-karti-copy\/#breadcrumb","itemListElement":[{"@type":"ListItem","position":1,"name":"Home","item":"https:\/\/tsg.az\/"},{"@type":"ListItem","position":2,"name":"Ma\u011faza","item":"https:\/\/tsg.az\/shop\/"},{"@type":"ListItem","position":3,"name":"KM1368843G02 Lift LCD displey kart\u0131"}]},{"@type":"WebSite","@id":"https:\/\/tsg.az\/en\/#website","url":"https:\/\/tsg.az\/en\/","name":"Lift Ehtiyat Hiss\u0259l\u0259rinin Onlayn Sat\u0131\u015f\u0131","description":"","publisher":{"@id":"https:\/\/tsg.az\/en\/#organization"},"potentialAction":[{"@type":"SearchAction","target":{"@type":"EntryPoint","urlTemplate":"https:\/\/tsg.az\/en\/?s={search_term_string}"},"query-input":{"@type":"PropertyValueSpecification","valueRequired":true,"valueName":"search_term_string"}}],"inLanguage":"en-US"},{"@type":"Organization","@id":"https:\/\/tsg.az\/en\/#organization","name":"Lift Ehtiyat Hiss\u0259l\u0259rinin Onlayn Sat\u0131\u015f\u0131","url":"https:\/\/tsg.az\/en\/","logo":{"@type":"ImageObject","inLanguage":"en-US","@id":"https:\/\/tsg.az\/en\/#\/schema\/logo\/image\/","url":"https:\/\/tsg.az\/wp-content\/uploads\/2023\/11\/tsg-az-logo_svg.svg","contentUrl":"https:\/\/tsg.az\/wp-content\/uploads\/2023\/11\/tsg-az-logo_svg.svg","width":50,"height":59,"caption":"Lift Ehtiyat Hiss\u0259l\u0259rinin Onlayn Sat\u0131\u015f\u0131"},"image":{"@id":"https:\/\/tsg.az\/en\/#\/schema\/logo\/image\/"}}]}},"_links":{"self":[{"href":"https:\/\/tsg.az\/en\/wp-json\/wp\/v2\/product\/11248","targetHints":{"allow":["GET"]}}],"collection":[{"href":"https:\/\/tsg.az\/en\/wp-json\/wp\/v2\/product"}],"about":[{"href":"https:\/\/tsg.az\/en\/wp-json\/wp\/v2\/types\/product"}],"version-history":[{"count":1,"href":"https:\/\/tsg.az\/en\/wp-json\/wp\/v2\/product\/11248\/revisions"}],"predecessor-version":[{"id":11250,"href":"https:\/\/tsg.az\/en\/wp-json\/wp\/v2\/product\/11248\/revisions\/11250"}],"wp:featuredmedia":[{"embeddable":true,"href":"https:\/\/tsg.az\/en\/wp-json\/wp\/v2\/media\/11345"}],"wp:attachment":[{"href":"https:\/\/tsg.az\/en\/wp-json\/wp\/v2\/media?parent=11248"}],"wp:term":[{"taxonomy":"product_cat","embeddable":true,"href":"https:\/\/tsg.az\/en\/wp-json\/wp\/v2\/product_cat?post=11248"},{"taxonomy":"product_tag","embeddable":true,"href":"https:\/\/tsg.az\/en\/wp-json\/wp\/v2\/product_tag?post=11248"}],"curies":[{"name":"wp","href":"https:\/\/api.w.org\/{rel}","templated":true}]}}