{"id":10714,"date":"2024-12-18T17:50:56","date_gmt":"2024-12-18T17:50:56","guid":{"rendered":"https:\/\/tsg.az\/?post_type=product&#038;p=10714"},"modified":"2024-12-18T17:50:56","modified_gmt":"2024-12-18T17:50:56","slug":"jaa23404aad003-jaa23404aab001-lift-qapi-kilidi","status":"publish","type":"product","link":"https:\/\/tsg.az\/en\/magaza\/jaa23404aad003-jaa23404aab001-lift-qapi-kilidi\/","title":{"rendered":"JAA23404AAD003 \/ JAA23404AAB001 Lift qap\u0131 kilidi"},"content":{"rendered":"","protected":false},"excerpt":{"rendered":"<p>M\u0259hsulun v\u0259ziyy\u0259ti: Yeni<\/p>\n<p><a href=\"https:\/\/tsg.az\/en\/shop\/\">B\u00fct\u00fcn Ehtiyat Hiss\u0259l\u0259rin\u0259 ke\u00e7id<\/a><br \/>\nPhone\u00a0<a href=\"https:\/\/web.whatsapp.com\/send?phone=+994998188817&amp;text=Salam%2C+ehtiyat+hiss%C9%99l%C9%99ri+haqq%C4%B1nda+m%C9%99lumat+ver%C9%99rdiniz+z%C9%99hm%C9%99t+olmasa%3F+Hello%2C+could+you+inform+us+about+spare+parts%3F\">099 818 8 817<\/a><\/p>","protected":false},"featured_media":10715,"template":"","meta":{"inline_featured_image":false},"product_cat":[587,112],"product_tag":[],"class_list":{"0":"post-10714","1":"product","2":"type-product","3":"status-publish","4":"has-post-thumbnail","6":"product_cat-lift-ehtiyat-hisseleri","7":"product_cat-qapilar-ve-qapi-komponentleri","9":"first","10":"onbackorder","11":"taxable","12":"shipping-taxable","13":"product-type-simple"},"yoast_head":"<!-- This site is optimized with the Yoast SEO plugin v23.8 - https:\/\/yoast.com\/wordpress\/plugins\/seo\/ -->\n<title>JAA23404AAD003 \/ JAA23404AAB001 lift qap\u0131 kilidi<\/title>\n<meta name=\"description\" content=\"JAA23404AAD003 lift qap\u0131 kilidi \u00fc\u00e7\u00fcn: info@tsg.az; +994 99 818 8 817\" \/>\n<meta name=\"robots\" content=\"index, follow, max-snippet:-1, max-image-preview:large, max-video-preview:-1\" \/>\n<link rel=\"canonical\" href=\"https:\/\/tsg.az\/en\/magaza\/jaa23404aad003-jaa23404aab001-lift-qapi-kilidi\/\" \/>\n<meta property=\"og:locale\" content=\"en_US\" \/>\n<meta property=\"og:type\" content=\"article\" \/>\n<meta property=\"og:title\" content=\"JAA23404AAD003 \/ JAA23404AAB001 lift qap\u0131 kilidi\" \/>\n<meta property=\"og:description\" content=\"JAA23404AAD003 lift qap\u0131 kilidi \u00fc\u00e7\u00fcn: info@tsg.az; +994 99 818 8 817\" \/>\n<meta property=\"og:url\" content=\"https:\/\/tsg.az\/en\/magaza\/jaa23404aad003-jaa23404aab001-lift-qapi-kilidi\/\" \/>\n<meta property=\"og:site_name\" content=\"Lift Ehtiyat Hiss\u0259l\u0259rinin Onlayn Sat\u0131\u015f\u0131\" \/>\n<meta property=\"og:image\" content=\"https:\/\/tsg.az\/wp-content\/uploads\/2024\/11\/JAA23404AAD003-JAA23404AAB001.png\" \/>\n\t<meta property=\"og:image:width\" content=\"411\" \/>\n\t<meta property=\"og:image:height\" content=\"411\" \/>\n\t<meta property=\"og:image:type\" content=\"image\/png\" \/>\n<meta name=\"twitter:card\" content=\"summary_large_image\" \/>\n<meta name=\"twitter:label1\" content=\"Est. reading time\" \/>\n\t<meta name=\"twitter:data1\" content=\"1 minute\" \/>\n<script type=\"application\/ld+json\" class=\"yoast-schema-graph\">{\"@context\":\"https:\/\/schema.org\",\"@graph\":[{\"@type\":\"WebPage\",\"@id\":\"https:\/\/tsg.az\/magaza\/jaa23404aad003-jaa23404aab001-lift-qapi-kilidi\/\",\"url\":\"https:\/\/tsg.az\/magaza\/jaa23404aad003-jaa23404aab001-lift-qapi-kilidi\/\",\"name\":\"JAA23404AAD003 \/ JAA23404AAB001 lift qap\u0131 kilidi\",\"isPartOf\":{\"@id\":\"https:\/\/tsg.az\/en\/#website\"},\"primaryImageOfPage\":{\"@id\":\"https:\/\/tsg.az\/magaza\/jaa23404aad003-jaa23404aab001-lift-qapi-kilidi\/#primaryimage\"},\"image\":{\"@id\":\"https:\/\/tsg.az\/magaza\/jaa23404aad003-jaa23404aab001-lift-qapi-kilidi\/#primaryimage\"},\"thumbnailUrl\":\"https:\/\/tsg.az\/wp-content\/uploads\/2024\/11\/JAA23404AAD003-JAA23404AAB001.png\",\"datePublished\":\"2024-12-18T17:50:56+00:00\",\"dateModified\":\"2024-12-18T17:50:56+00:00\",\"description\":\"JAA23404AAD003 lift qap\u0131 kilidi \u00fc\u00e7\u00fcn: info@tsg.az; +994 99 818 8 817\",\"breadcrumb\":{\"@id\":\"https:\/\/tsg.az\/magaza\/jaa23404aad003-jaa23404aab001-lift-qapi-kilidi\/#breadcrumb\"},\"inLanguage\":\"en-US\",\"potentialAction\":[{\"@type\":\"ReadAction\",\"target\":[\"https:\/\/tsg.az\/magaza\/jaa23404aad003-jaa23404aab001-lift-qapi-kilidi\/\"]}]},{\"@type\":\"ImageObject\",\"inLanguage\":\"en-US\",\"@id\":\"https:\/\/tsg.az\/magaza\/jaa23404aad003-jaa23404aab001-lift-qapi-kilidi\/#primaryimage\",\"url\":\"https:\/\/tsg.az\/wp-content\/uploads\/2024\/11\/JAA23404AAD003-JAA23404AAB001.png\",\"contentUrl\":\"https:\/\/tsg.az\/wp-content\/uploads\/2024\/11\/JAA23404AAD003-JAA23404AAB001.png\",\"width\":411,\"height\":411,\"caption\":\"JAA23404AAD003 \/ JAA23404AAB001 lift qap\u0131 kilidi cihaz\u0131\"},{\"@type\":\"BreadcrumbList\",\"@id\":\"https:\/\/tsg.az\/magaza\/jaa23404aad003-jaa23404aab001-lift-qapi-kilidi\/#breadcrumb\",\"itemListElement\":[{\"@type\":\"ListItem\",\"position\":1,\"name\":\"Home\",\"item\":\"https:\/\/tsg.az\/\"},{\"@type\":\"ListItem\",\"position\":2,\"name\":\"Ma\u011faza\",\"item\":\"https:\/\/tsg.az\/shop\/\"},{\"@type\":\"ListItem\",\"position\":3,\"name\":\"JAA23404AAD003 \/ JAA23404AAB001 Lift qap\u0131 kilidi\"}]},{\"@type\":\"WebSite\",\"@id\":\"https:\/\/tsg.az\/en\/#website\",\"url\":\"https:\/\/tsg.az\/en\/\",\"name\":\"Lift Ehtiyat Hiss\u0259l\u0259rinin Onlayn Sat\u0131\u015f\u0131\",\"description\":\"\",\"publisher\":{\"@id\":\"https:\/\/tsg.az\/en\/#organization\"},\"potentialAction\":[{\"@type\":\"SearchAction\",\"target\":{\"@type\":\"EntryPoint\",\"urlTemplate\":\"https:\/\/tsg.az\/en\/?s={search_term_string}\"},\"query-input\":{\"@type\":\"PropertyValueSpecification\",\"valueRequired\":true,\"valueName\":\"search_term_string\"}}],\"inLanguage\":\"en-US\"},{\"@type\":\"Organization\",\"@id\":\"https:\/\/tsg.az\/en\/#organization\",\"name\":\"Lift Ehtiyat Hiss\u0259l\u0259rinin Onlayn Sat\u0131\u015f\u0131\",\"url\":\"https:\/\/tsg.az\/en\/\",\"logo\":{\"@type\":\"ImageObject\",\"inLanguage\":\"en-US\",\"@id\":\"https:\/\/tsg.az\/en\/#\/schema\/logo\/image\/\",\"url\":\"https:\/\/tsg.az\/wp-content\/uploads\/2023\/11\/tsg-az-logo_svg.svg\",\"contentUrl\":\"https:\/\/tsg.az\/wp-content\/uploads\/2023\/11\/tsg-az-logo_svg.svg\",\"width\":50,\"height\":59,\"caption\":\"Lift Ehtiyat Hiss\u0259l\u0259rinin Onlayn Sat\u0131\u015f\u0131\"},\"image\":{\"@id\":\"https:\/\/tsg.az\/en\/#\/schema\/logo\/image\/\"}}]}<\/script>\n<!-- \/ Yoast SEO plugin. -->","yoast_head_json":{"title":"JAA23404AAD003 \/ JAA23404AAB001 lift qap\u0131 kilidi","description":"JAA23404AAD003 lift qap\u0131 kilidi \u00fc\u00e7\u00fcn: info@tsg.az; +994 99 818 8 817","robots":{"index":"index","follow":"follow","max-snippet":"max-snippet:-1","max-image-preview":"max-image-preview:large","max-video-preview":"max-video-preview:-1"},"canonical":"https:\/\/tsg.az\/en\/magaza\/jaa23404aad003-jaa23404aab001-lift-qapi-kilidi\/","og_locale":"en_US","og_type":"article","og_title":"JAA23404AAD003 \/ JAA23404AAB001 lift qap\u0131 kilidi","og_description":"JAA23404AAD003 lift qap\u0131 kilidi \u00fc\u00e7\u00fcn: info@tsg.az; +994 99 818 8 817","og_url":"https:\/\/tsg.az\/en\/magaza\/jaa23404aad003-jaa23404aab001-lift-qapi-kilidi\/","og_site_name":"Lift Ehtiyat Hiss\u0259l\u0259rinin Onlayn Sat\u0131\u015f\u0131","og_image":[{"width":411,"height":411,"url":"https:\/\/tsg.az\/wp-content\/uploads\/2024\/11\/JAA23404AAD003-JAA23404AAB001.png","type":"image\/png"}],"twitter_card":"summary_large_image","twitter_misc":{"Est. reading time":"1 minute"},"schema":{"@context":"https:\/\/schema.org","@graph":[{"@type":"WebPage","@id":"https:\/\/tsg.az\/magaza\/jaa23404aad003-jaa23404aab001-lift-qapi-kilidi\/","url":"https:\/\/tsg.az\/magaza\/jaa23404aad003-jaa23404aab001-lift-qapi-kilidi\/","name":"JAA23404AAD003 \/ JAA23404AAB001 lift qap\u0131 kilidi","isPartOf":{"@id":"https:\/\/tsg.az\/en\/#website"},"primaryImageOfPage":{"@id":"https:\/\/tsg.az\/magaza\/jaa23404aad003-jaa23404aab001-lift-qapi-kilidi\/#primaryimage"},"image":{"@id":"https:\/\/tsg.az\/magaza\/jaa23404aad003-jaa23404aab001-lift-qapi-kilidi\/#primaryimage"},"thumbnailUrl":"https:\/\/tsg.az\/wp-content\/uploads\/2024\/11\/JAA23404AAD003-JAA23404AAB001.png","datePublished":"2024-12-18T17:50:56+00:00","dateModified":"2024-12-18T17:50:56+00:00","description":"JAA23404AAD003 lift qap\u0131 kilidi \u00fc\u00e7\u00fcn: info@tsg.az; +994 99 818 8 817","breadcrumb":{"@id":"https:\/\/tsg.az\/magaza\/jaa23404aad003-jaa23404aab001-lift-qapi-kilidi\/#breadcrumb"},"inLanguage":"en-US","potentialAction":[{"@type":"ReadAction","target":["https:\/\/tsg.az\/magaza\/jaa23404aad003-jaa23404aab001-lift-qapi-kilidi\/"]}]},{"@type":"ImageObject","inLanguage":"en-US","@id":"https:\/\/tsg.az\/magaza\/jaa23404aad003-jaa23404aab001-lift-qapi-kilidi\/#primaryimage","url":"https:\/\/tsg.az\/wp-content\/uploads\/2024\/11\/JAA23404AAD003-JAA23404AAB001.png","contentUrl":"https:\/\/tsg.az\/wp-content\/uploads\/2024\/11\/JAA23404AAD003-JAA23404AAB001.png","width":411,"height":411,"caption":"JAA23404AAD003 \/ JAA23404AAB001 lift qap\u0131 kilidi cihaz\u0131"},{"@type":"BreadcrumbList","@id":"https:\/\/tsg.az\/magaza\/jaa23404aad003-jaa23404aab001-lift-qapi-kilidi\/#breadcrumb","itemListElement":[{"@type":"ListItem","position":1,"name":"Home","item":"https:\/\/tsg.az\/"},{"@type":"ListItem","position":2,"name":"Ma\u011faza","item":"https:\/\/tsg.az\/shop\/"},{"@type":"ListItem","position":3,"name":"JAA23404AAD003 \/ JAA23404AAB001 Lift qap\u0131 kilidi"}]},{"@type":"WebSite","@id":"https:\/\/tsg.az\/en\/#website","url":"https:\/\/tsg.az\/en\/","name":"Lift Ehtiyat Hiss\u0259l\u0259rinin Onlayn Sat\u0131\u015f\u0131","description":"","publisher":{"@id":"https:\/\/tsg.az\/en\/#organization"},"potentialAction":[{"@type":"SearchAction","target":{"@type":"EntryPoint","urlTemplate":"https:\/\/tsg.az\/en\/?s={search_term_string}"},"query-input":{"@type":"PropertyValueSpecification","valueRequired":true,"valueName":"search_term_string"}}],"inLanguage":"en-US"},{"@type":"Organization","@id":"https:\/\/tsg.az\/en\/#organization","name":"Lift Ehtiyat Hiss\u0259l\u0259rinin Onlayn Sat\u0131\u015f\u0131","url":"https:\/\/tsg.az\/en\/","logo":{"@type":"ImageObject","inLanguage":"en-US","@id":"https:\/\/tsg.az\/en\/#\/schema\/logo\/image\/","url":"https:\/\/tsg.az\/wp-content\/uploads\/2023\/11\/tsg-az-logo_svg.svg","contentUrl":"https:\/\/tsg.az\/wp-content\/uploads\/2023\/11\/tsg-az-logo_svg.svg","width":50,"height":59,"caption":"Lift Ehtiyat Hiss\u0259l\u0259rinin Onlayn Sat\u0131\u015f\u0131"},"image":{"@id":"https:\/\/tsg.az\/en\/#\/schema\/logo\/image\/"}}]}},"_links":{"self":[{"href":"https:\/\/tsg.az\/en\/wp-json\/wp\/v2\/product\/10714","targetHints":{"allow":["GET"]}}],"collection":[{"href":"https:\/\/tsg.az\/en\/wp-json\/wp\/v2\/product"}],"about":[{"href":"https:\/\/tsg.az\/en\/wp-json\/wp\/v2\/types\/product"}],"version-history":[{"count":3,"href":"https:\/\/tsg.az\/en\/wp-json\/wp\/v2\/product\/10714\/revisions"}],"predecessor-version":[{"id":11131,"href":"https:\/\/tsg.az\/en\/wp-json\/wp\/v2\/product\/10714\/revisions\/11131"}],"wp:featuredmedia":[{"embeddable":true,"href":"https:\/\/tsg.az\/en\/wp-json\/wp\/v2\/media\/10715"}],"wp:attachment":[{"href":"https:\/\/tsg.az\/en\/wp-json\/wp\/v2\/media?parent=10714"}],"wp:term":[{"taxonomy":"product_cat","embeddable":true,"href":"https:\/\/tsg.az\/en\/wp-json\/wp\/v2\/product_cat?post=10714"},{"taxonomy":"product_tag","embeddable":true,"href":"https:\/\/tsg.az\/en\/wp-json\/wp\/v2\/product_tag?post=10714"}],"curies":[{"name":"wp","href":"https:\/\/api.w.org\/{rel}","templated":true}]}}